{"id":8228,"date":"2025-08-11T19:39:37","date_gmt":"2025-08-11T19:39:37","guid":{"rendered":"https:\/\/baia.belmas.com.br\/reviews-gallery\/"},"modified":"2025-10-21T01:54:43","modified_gmt":"2025-10-21T01:54:43","slug":"reviews-gallery","status":"publish","type":"page","link":"https:\/\/baia.belmas.com.br\/en\/reviews-gallery\/","title":{"rendered":"Reviews Gallery"},"content":{"rendered":"\t\t<div data-elementor-type=\"wp-page\" data-elementor-id=\"8228\" class=\"elementor elementor-8228 elementor-6864\" data-elementor-post-type=\"page\">\n\t\t\t\t\t\t<section class=\"elementor-section elementor-top-section elementor-element elementor-element-d4c5ae3 elementor-section-full_width qodef-elementor-content-grid elementor-section-height-default elementor-section-height-default\" data-id=\"d4c5ae3\" data-element_type=\"section\" data-settings=\"{&quot;background_background&quot;:&quot;classic&quot;}\">\n\t\t\t\t\t\t\t<div class=\"elementor-background-overlay\"><\/div>\n\t\t\t\t\t\t\t<div class=\"elementor-container elementor-column-gap-no\">\n\t\t\t\t\t<div class=\"elementor-column elementor-col-100 elementor-top-column elementor-element elementor-element-edf981b\" data-id=\"edf981b\" data-element_type=\"column\">\n\t\t\t<div class=\"elementor-widget-wrap elementor-element-populated\">\n\t\t\t\t\t\t<div class=\"elementor-element elementor-element-7fec018 elementor-widget elementor-widget-heading\" data-id=\"7fec018\" data-element_type=\"widget\" data-widget_type=\"heading.default\">\n\t\t\t\t\t<h2 class=\"elementor-heading-title elementor-size-default\">Reviews<\/h2>\t\t\t\t<\/div>\n\t\t\t\t<div class=\"elementor-element elementor-element-e7ee53e elementor-widget elementor-widget-text-editor\" data-id=\"e7ee53e\" data-element_type=\"widget\" data-widget_type=\"text-editor.default\">\n\t\t\t\t\t\t\t\t\t<p>We strive daily to provide you with the best possible experience, from the service we offer to providing a space that meets your requirements.<\/p>\t\t\t\t\t\t\t\t<\/div>\n\t\t\t\t\t<\/div>\n\t\t<\/div>\n\t\t\t\t\t<\/div>\n\t\t<\/section>\n\t\t\t\t<section class=\"elementor-section elementor-top-section elementor-element elementor-element-9ce7681 elementor-section-full_width qodef-elementor-content-grid elementor-section-height-default elementor-section-height-default\" data-id=\"9ce7681\" data-element_type=\"section\" data-settings=\"{&quot;background_background&quot;:&quot;classic&quot;}\">\n\t\t\t\t\t\t\t<div class=\"elementor-background-overlay\"><\/div>\n\t\t\t\t\t\t\t<div class=\"elementor-container elementor-column-gap-no\">\n\t\t\t\t\t<div class=\"elementor-column elementor-col-100 elementor-top-column elementor-element elementor-element-335501a\" data-id=\"335501a\" data-element_type=\"column\">\n\t\t\t<div class=\"elementor-widget-wrap elementor-element-populated\">\n\t\t\t\t\t\t<div class=\"elementor-element elementor-element-2163bf3 elementor-widget elementor-widget-alloggio_core_testimonials_list\" data-id=\"2163bf3\" data-element_type=\"widget\" data-widget_type=\"alloggio_core_testimonials_list.default\">\n\t\t\t\t<div class=\"elementor-widget-container\">\n\t\t\t\t\t<div class=\"qodef-shortcode qodef-m  qodef-testimonials-list   qodef-content-position--center qodef-grid qodef-layout--columns  qodef-gutter--normal qodef-col-num--3 qodef-item-layout--info-below qodef-responsive--predefined\">\n\t<div class=\"qodef-grid-inner clear\">\n\t\t<div class=\"qodef-e qodef-grid-item\">\n\t<div class=\"qodef-e-inner\">\n\t\t\t<div class=\"qodef-e-media-image\">\n\t\t<img decoding=\"async\" width=\"65\" height=\"65\" src=\"https:\/\/baia.belmas.com.br\/wp-content\/uploads\/2020\/03\/h1-img-03.png\" class=\"attachment-full size-full wp-post-image\" alt=\"h1-img-03\" \/>\t<\/div>\n\t\t<div class=\"qodef-e-content\">\n\t\t\t\t\t\t\t<h2 itemprop=\"name\" class=\"qodef-e-title entry-title\" >\n\t\tAbsolutely fantastic!\t<\/h2>\n\t\t\t\t<p itemprop=\"description\" class=\"qodef-e-text\">\n\t\t\t\tCesere has created a peaceful oasis in the most beautiful place on earth! Complete attention to detail in his accommodations and felt right at home!\t<\/p>\n\t\t\t<p class=\"qodef-e-author\">\n\t<span class=\"qodef-e-author-name\">\n\t\tKristen Geismar (USA) 17 de set. de 2024 CASA VERDE\t<\/span>\n\t<span class=\"qodef-e-author-job\">\n\t\t\t<\/span>\n<\/p>\n\t\t<\/div>\n\t<\/div>\n<\/div><div class=\"qodef-e qodef-grid-item\">\n\t<div class=\"qodef-e-inner\">\n\t\t\t<div class=\"qodef-e-media-image\">\n\t\t<img decoding=\"async\" width=\"65\" height=\"65\" src=\"https:\/\/baia.belmas.com.br\/wp-content\/uploads\/2020\/03\/h1-img-05.png\" class=\"attachment-full size-full wp-post-image\" alt=\"h1-img-05\" \/>\t<\/div>\n\t\t<div class=\"qodef-e-content\">\n\t\t\t\t\t\t\t<h2 itemprop=\"name\" class=\"qodef-e-title entry-title\" >\n\t\tUn gioiello in una baia da sogno\t<\/h2>\n\t\t\t\t<p itemprop=\"description\" class=\"qodef-e-text\">\n\t\t\t\tAppartamento incredibilmente bello. Moderno, pulito e accogliente. Vista sulla baia spettacolare. La proprietaria simpaticissima e molto disponibile. L&#039;isola di Santa Maria \u00e8 un gioiello.\t<\/p>\n\t\t\t<p class=\"qodef-e-author\">\n\t<span class=\"qodef-e-author-name\">\n\t\tPaolo Corazzon (It\u00e1lia) 25 de ago. de 2022 CASA VERDE\t<\/span>\n\t<span class=\"qodef-e-author-job\">\n\t\t\t<\/span>\n<\/p>\n\t\t<\/div>\n\t<\/div>\n<\/div><div class=\"qodef-e qodef-grid-item\">\n\t<div class=\"qodef-e-inner\">\n\t\t\t<div class=\"qodef-e-media-image\">\n\t\t<img decoding=\"async\" width=\"65\" height=\"65\" src=\"https:\/\/baia.belmas.com.br\/wp-content\/uploads\/2020\/03\/h1-img-04.png\" class=\"attachment-full size-full wp-post-image\" alt=\"\" \/>\t<\/div>\n\t\t<div class=\"qodef-e-content\">\n\t\t\t\t\t\t\t<h2 itemprop=\"name\" class=\"qodef-e-title entry-title\" >\n\t\tSuper agrad\u00e1vel num ambiente familiar inesquec\u00edvel obrigado\t<\/h2>\n\t\t\t\t<p itemprop=\"description\" class=\"qodef-e-text\">\n\t\t\t\t Gosto muito da ba\u00eda de S\u00e3o Louren\u00e7o \u00e9 das baias a\u00e7orianas mais bonitas!!\t<\/p>\n\t\t\t<p class=\"qodef-e-author\">\n\t<span class=\"qodef-e-author-name\">\n\t\tCarmen Rodrigues (Portugal) 18 de mai. de 2022 CASA AZUL \t<\/span>\n\t<span class=\"qodef-e-author-job\">\n\t\t\t<\/span>\n<\/p>\n\t\t<\/div>\n\t<\/div>\n<\/div>\t<\/div>\n<\/div>\t\t\t\t<\/div>\n\t\t\t\t<\/div>\n\t\t\t\t\t<\/div>\n\t\t<\/div>\n\t\t\t\t\t<\/div>\n\t\t<\/section>\n\t\t\t\t<section class=\"elementor-section elementor-top-section elementor-element elementor-element-1cf330b elementor-section-full_width qodef-elementor-content-grid elementor-section-height-default elementor-section-height-default\" data-id=\"1cf330b\" data-element_type=\"section\" data-settings=\"{&quot;background_background&quot;:&quot;classic&quot;}\">\n\t\t\t\t\t\t\t<div class=\"elementor-background-overlay\"><\/div>\n\t\t\t\t\t\t\t<div class=\"elementor-container elementor-column-gap-no\">\n\t\t\t\t\t<div class=\"elementor-column elementor-col-100 elementor-top-column elementor-element elementor-element-5121fcc\" data-id=\"5121fcc\" data-element_type=\"column\">\n\t\t\t<div class=\"elementor-widget-wrap elementor-element-populated\">\n\t\t\t\t\t\t<div class=\"elementor-element elementor-element-07d7f41 elementor-widget elementor-widget-alloggio_core_image_gallery\" data-id=\"07d7f41\" data-element_type=\"widget\" data-widget_type=\"alloggio_core_image_gallery.default\">\n\t\t\t\t<div class=\"elementor-widget-container\">\n\t\t\t\t\t<div class=\"qodef-shortcode qodef-m  qodef-image-gallery      qodef-grid qodef-layout--columns  qodef-gutter--normal qodef-col-num--3  qodef-responsive--predefined\">\n\t\n    <div class=\"qodef-grid-inner clear\">\n\t\t<div class=\"qodef-e qodef-image-wrapper qodef-grid-item\">\n\t\t\t<img loading=\"lazy\" decoding=\"async\" src=\"https:\/\/baia.belmas.com.br\/wp-content\/uploads\/2025\/08\/img-galeria-reviews1-355x235.jpg\" alt=\"\" width=\"355\" height=\"235\" data-ratio=\"1.5106382978723\" \/>\t<\/div><div class=\"qodef-e qodef-image-wrapper qodef-grid-item\">\n\t\t\t<img loading=\"lazy\" decoding=\"async\" src=\"https:\/\/baia.belmas.com.br\/wp-content\/uploads\/2025\/08\/img-galeria-reviews2-355x235.jpg\" alt=\"\" width=\"355\" height=\"235\" data-ratio=\"1.5106382978723\" \/>\t<\/div><div class=\"qodef-e qodef-image-wrapper qodef-grid-item\">\n\t\t\t<img loading=\"lazy\" decoding=\"async\" src=\"https:\/\/baia.belmas.com.br\/wp-content\/uploads\/2025\/08\/img-galeria-reviews3-355x235.jpg\" alt=\"\" width=\"355\" height=\"235\" data-ratio=\"1.5106382978723\" \/>\t<\/div><div class=\"qodef-e qodef-image-wrapper qodef-grid-item\">\n\t\t\t<img loading=\"lazy\" decoding=\"async\" src=\"https:\/\/baia.belmas.com.br\/wp-content\/uploads\/2025\/08\/img-galeria-reviews4-355x235.jpg\" alt=\"\" width=\"355\" height=\"235\" data-ratio=\"1.5106382978723\" \/>\t<\/div><div class=\"qodef-e qodef-image-wrapper qodef-grid-item\">\n\t\t\t<img loading=\"lazy\" decoding=\"async\" src=\"https:\/\/baia.belmas.com.br\/wp-content\/uploads\/2025\/08\/img-galeria-reviews10-355x235.jpg\" alt=\"\" width=\"355\" height=\"235\" data-ratio=\"1.5106382978723\" \/>\t<\/div><div class=\"qodef-e qodef-image-wrapper qodef-grid-item\">\n\t\t\t<img loading=\"lazy\" decoding=\"async\" src=\"https:\/\/baia.belmas.com.br\/wp-content\/uploads\/2025\/08\/img-galeria-reviews11-355x235.jpg\" alt=\"\" width=\"355\" height=\"235\" data-ratio=\"1.5106382978723\" \/>\t<\/div><div class=\"qodef-e qodef-image-wrapper qodef-grid-item\">\n\t\t\t<img loading=\"lazy\" decoding=\"async\" src=\"https:\/\/baia.belmas.com.br\/wp-content\/uploads\/2025\/08\/img-galeria-reviews12-355x235.jpg\" alt=\"\" width=\"355\" height=\"235\" data-ratio=\"1.5106382978723\" \/>\t<\/div><div class=\"qodef-e qodef-image-wrapper qodef-grid-item\">\n\t\t\t<img loading=\"lazy\" decoding=\"async\" src=\"https:\/\/baia.belmas.com.br\/wp-content\/uploads\/2025\/08\/img-galeria-reviews13-355x235.jpg\" alt=\"\" width=\"355\" height=\"235\" data-ratio=\"1.5106382978723\" \/>\t<\/div><div class=\"qodef-e qodef-image-wrapper qodef-grid-item\">\n\t\t\t<img loading=\"lazy\" decoding=\"async\" src=\"https:\/\/baia.belmas.com.br\/wp-content\/uploads\/2025\/08\/img-galeria-reviews5-355x235.jpg\" alt=\"\" width=\"355\" height=\"235\" data-ratio=\"1.5106382978723\" \/>\t<\/div><div class=\"qodef-e qodef-image-wrapper qodef-grid-item\">\n\t\t\t<img loading=\"lazy\" decoding=\"async\" src=\"https:\/\/baia.belmas.com.br\/wp-content\/uploads\/2025\/08\/img-galeria-reviews6-355x235.jpg\" alt=\"\" width=\"355\" height=\"235\" data-ratio=\"1.5106382978723\" \/>\t<\/div><div class=\"qodef-e qodef-image-wrapper qodef-grid-item\">\n\t\t\t<img loading=\"lazy\" decoding=\"async\" src=\"https:\/\/baia.belmas.com.br\/wp-content\/uploads\/2025\/08\/img-galeria-reviews7-355x235.jpg\" alt=\"\" width=\"355\" height=\"235\" data-ratio=\"1.5106382978723\" \/>\t<\/div><div class=\"qodef-e qodef-image-wrapper qodef-grid-item\">\n\t\t\t<img loading=\"lazy\" decoding=\"async\" src=\"https:\/\/baia.belmas.com.br\/wp-content\/uploads\/2025\/08\/img-galeria-reviews8-355x235.jpg\" alt=\"\" width=\"355\" height=\"235\" data-ratio=\"1.5106382978723\" \/>\t<\/div><div class=\"qodef-e qodef-image-wrapper qodef-grid-item\">\n\t\t\t<img loading=\"lazy\" decoding=\"async\" src=\"https:\/\/baia.belmas.com.br\/wp-content\/uploads\/2025\/08\/img-galeria-reviews14-355x235.jpg\" alt=\"\" width=\"355\" height=\"235\" data-ratio=\"1.5106382978723\" \/>\t<\/div><div class=\"qodef-e qodef-image-wrapper qodef-grid-item\">\n\t\t\t<img loading=\"lazy\" decoding=\"async\" src=\"https:\/\/baia.belmas.com.br\/wp-content\/uploads\/2025\/08\/img-galeria-reviews1-1-355x235.jpg\" alt=\"\" width=\"355\" height=\"235\" data-ratio=\"1.5106382978723\" \/>\t<\/div><div class=\"qodef-e qodef-image-wrapper qodef-grid-item\">\n\t\t\t<img loading=\"lazy\" decoding=\"async\" src=\"https:\/\/baia.belmas.com.br\/wp-content\/uploads\/2025\/08\/img-galeria-reviews15-355x235.jpg\" alt=\"\" width=\"355\" height=\"235\" data-ratio=\"1.5106382978723\" \/>\t<\/div><div class=\"qodef-e qodef-image-wrapper qodef-grid-item\">\n\t\t\t<img loading=\"lazy\" decoding=\"async\" src=\"https:\/\/baia.belmas.com.br\/wp-content\/uploads\/2025\/08\/img-galeria-reviews16-355x235.jpg\" alt=\"\" width=\"355\" height=\"235\" data-ratio=\"1.5106382978723\" \/>\t<\/div><div class=\"qodef-e qodef-image-wrapper qodef-grid-item\">\n\t\t\t<img loading=\"lazy\" decoding=\"async\" src=\"https:\/\/baia.belmas.com.br\/wp-content\/uploads\/2025\/08\/img-galeria-reviews9-355x235.jpg\" alt=\"\" width=\"355\" height=\"235\" data-ratio=\"1.5106382978723\" \/>\t<\/div><div class=\"qodef-e qodef-image-wrapper qodef-grid-item\">\n\t\t\t<img loading=\"lazy\" decoding=\"async\" src=\"https:\/\/baia.belmas.com.br\/wp-content\/uploads\/2025\/08\/img-galeria-reviews17-355x235.jpg\" alt=\"\" width=\"355\" height=\"235\" data-ratio=\"1.5106382978723\" \/>\t<\/div>    <\/div>\n<\/div>\t\t\t\t<\/div>\n\t\t\t\t<\/div>\n\t\t\t\t\t<\/div>\n\t\t<\/div>\n\t\t\t\t\t<\/div>\n\t\t<\/section>\n\t\t\t\t<\/div>\n\t\t","protected":false},"excerpt":{"rendered":"<p>Reviews We strive daily to provide you with the best possible experience, from the service we offer to providing a space that meets your requirements. Absolutely fantastic! Cesere has created a peaceful oasis in the most beautiful place on earth! Complete attention to detail in his accommodations and felt right at home! Kristen Geismar (USA) [&hellip;]<\/p>\n","protected":false},"author":1,"featured_media":0,"parent":0,"menu_order":0,"comment_status":"closed","ping_status":"closed","template":"page-full-width.php","meta":{"_acf_changed":false,"footnotes":""},"class_list":["post-8228","page","type-page","status-publish","hentry"],"acf":[],"_links":{"self":[{"href":"https:\/\/baia.belmas.com.br\/en\/wp-json\/wp\/v2\/pages\/8228","targetHints":{"allow":["GET"]}}],"collection":[{"href":"https:\/\/baia.belmas.com.br\/en\/wp-json\/wp\/v2\/pages"}],"about":[{"href":"https:\/\/baia.belmas.com.br\/en\/wp-json\/wp\/v2\/types\/page"}],"author":[{"embeddable":true,"href":"https:\/\/baia.belmas.com.br\/en\/wp-json\/wp\/v2\/users\/1"}],"replies":[{"embeddable":true,"href":"https:\/\/baia.belmas.com.br\/en\/wp-json\/wp\/v2\/comments?post=8228"}],"version-history":[{"count":4,"href":"https:\/\/baia.belmas.com.br\/en\/wp-json\/wp\/v2\/pages\/8228\/revisions"}],"predecessor-version":[{"id":8715,"href":"https:\/\/baia.belmas.com.br\/en\/wp-json\/wp\/v2\/pages\/8228\/revisions\/8715"}],"wp:attachment":[{"href":"https:\/\/baia.belmas.com.br\/en\/wp-json\/wp\/v2\/media?parent=8228"}],"curies":[{"name":"wp","href":"https:\/\/api.w.org\/{rel}","templated":true}]}}